{"id":74,"date":"2015-08-20T13:35:29","date_gmt":"2015-08-20T13:35:29","guid":{"rendered":"http:\/\/www.stefanarnold.com\/?page_id=74"},"modified":"2017-09-16T08:08:01","modified_gmt":"2017-09-16T08:08:01","slug":"archiv","status":"publish","type":"page","link":"http:\/\/www.stefanarnold.com\/en_GB\/archiv\/","title":{"rendered":"Archive"},"content":{"rendered":"<h1>Archive<\/h1>\n<p><a href=\"http:\/\/www.stefanarnold.com\/wp-content\/uploads\/2015\/08\/oldpiano450300.png\"><img loading=\"lazy\" decoding=\"async\" class=\"size-medium wp-image-137 alignright\" src=\"http:\/\/www.stefanarnold.com\/wp-content\/uploads\/2015\/08\/oldpiano450300-300x200.png\" alt=\"oldpiano450300\" width=\"300\" height=\"200\" srcset=\"http:\/\/www.stefanarnold.com\/wp-content\/uploads\/2015\/08\/oldpiano450300-300x200.png 300w, http:\/\/www.stefanarnold.com\/wp-content\/uploads\/2015\/08\/oldpiano450300.png 450w\" sizes=\"(max-width: 300px) 100vw, 300px\" \/><\/a> <\/p>\n<p><strong>August 2017<\/strong><br \/>\nAUSTRIA: 3 &#8211; 16: Masterclass in Wien &#8220;Toptours-Japan&#8221;<br \/>\nSWITZERLAND: 21 &#8211; 24: Murten Classics, Conductor Kaspar Zehnder<br \/>\nMozart Klavierkonzert KV 595<br \/>\nOrchestre Philharmonique de Bienne<\/p>\n<p><strong>July 2017<\/strong><br \/>\nSWEDEN: 11 &#8211; 15: Solo-Concerts: Piazzolla, Davy, Brahms, Schubert<br \/>\nITALY: 26 &#8211; 31: Masterclass in Brescia &#8220;Talent Music Summer Courses &amp; Festival&#8221;<\/p>\n<p><strong>April 2017<\/strong><br \/>\nROMANIA: 1 &#8211; 8: IASI: Filharmonia &#8220;Moldavia&#8221; Iasi, Conductor Christian Mandeal<br \/>\nMozart: Klavierkonzert KV 595<br \/>\nSWEDEN: 20 &#8211; 24: Bergslagens Kammarsymfoniker, Conductor Toomas Kapten<br \/>\nMozart: Klavierkonzert KV 595<\/p>\n<p><strong>February 2017<\/strong><br \/>\nGERMANY: 6 &#8211; 9: Masterclass Villa Marteau\/Lichtenberg-Bayreuth<br \/>\nSWEDEN: 17 &#8211; 23: Solo-Concerts: Piazzolla, Schubert, Brahms<\/p>\n<p><strong>OCTOBER 2016<\/strong><br \/>\nSWEDEN 14 &#8211; 16: Recitals: Liszt, Schubert<\/p>\n<p><strong>SEPTEMBER 2016<\/strong><br \/>\nSWEDEN 14 &#8211; 17: Recitals: Davy, Liszt: Workshop<\/p>\n<p><strong>JUNE 2016<\/strong><br \/>\nSWEDEN 21 &#8211; 26: Recitals: Schubert, Liszt<\/p>\n<p><strong>MAY 2016<\/strong><br \/>\nSWEDEN 6 &#8211; 9: Recital<\/p>\n<p><strong>APRIL<\/strong><br \/>\nGERMANY 14 &#8211; 17: STUTTGART: Stuttgart Philharmonic Orchestra, Conductor Marcus Bosch Mozart: Piano Concerto K 414<br \/>\nROMANIA 6 &#8211; 9: IASI: Philharmonic Orchestra \u201cMoldova\u201d Iasi, Conductor Cristian Mandeal Mozart: Piano Concerto K 414<\/p>\n<p><strong>FEBRUARY 2016<\/strong><br \/>\nSWEDEN 20 &#8211; 22: Recitals: Schubert, Davy, Liszt<br \/>\nGERMANY 1-4 Masterclass at Villa Marteau \/ Lichtenberg-Bayreuth<\/p>\n<p><strong>DECEMBER 2015<\/strong><br \/>\nHUNGARY 9 &#8211; 12: SZOMBATHELY: Savaria Symphony Orchestra, conductor Robert Houlihan, Debussy: Fantasy for Piano and Orchestra<\/p>\n<p><strong>NOVEMBER 2015<\/strong><br \/>\nGERMANY 21 &#8211; 23: Recitals: Schubert, Davy, Liszt<br \/>\nSWEDEN 27 &#8211; 30: Recitals: Schubert, Davy, Liszt, Debussy<\/p>\n<p><strong>OCTOBER 2015<\/strong><br \/>\nGERMANY from October 1, 2015: Guest Professor at the University for Music Hanns Eisler BERLIN<br \/>\nIRELAND 16 &#8211; 18: Castle TULLYNALLY: Recital: Schubert, Davy, Liszt<br \/>\nJAPAN 22 &#8211; 31: KYOTO, OSAKA, TOKYO: Masterclasses<\/p>\n<p><strong>AUGUST 2015<\/strong><br \/>\nAUSTRIA July 27-August 12: VIENNA: Masterclass at Japanese Music Seminar Vienna<\/p>\n<p><strong>JULIY 2015<\/strong><br \/>\nSWEDEN 17 &#8211; 24: Summer Recitals: Schubert, Davy, Liszt<\/p>\n<p><strong>MAY 2015 <\/strong><br \/>\nJAPAN 20 &#8211; 24. Masterclass in TOKYO<br \/>\nSWEDEN 6: HELSINBORG: Helsingborg Symphony Orchestra, Conductor Sascha G\u00f6tzel: Beethoven Piano Concerto Nr. 4<br \/>\n7: HELSINGBORG: Helsingborg Symphony Orchestra: as 6 May<\/p>\n<p><strong>APRIL 2015<\/strong><br \/>\nSWEDEN 19: SKINNSKATTEBERG: Bergslagens Chamber Orchestra, Conductor Toomas Kapten: Beethoven Piano Concerto Nr. 4 18: KOPPARBERG: Bergslagens Chamber Orchestra: as 19 April<\/p>\n<p><strong>MARCH 2015<\/strong><br \/>\nAUSTRIA 18: SALZBURG: Mozarteum\/Big concert Hall: Philharmonic Orchestra Salzburg Conductor Elisabeth Fuchs: Mozart Piano Concerto K 449<br \/>\n7: VIENNA: Musikverein\/Golden Hall: Philharmonic Orchestra Salzburg Conductor Elisabeth Fuchs: Mozart Piano Concerto K 449<\/p>\n<p><strong>FEBRUARY 2015<\/strong><br \/>\nROMANIA 27. TIMISOARA: Philharmonie Timisoara, Dirigent Georghe Costin: Mozart: Piano Concerto KV 449<br \/>\nGERMANY 2 &#8211; 5: Masterclass Villa Marteau\/Lichtenberg-Bayreuth<\/p>\n<p><strong>JANUARY 2015<\/strong><br \/>\nSWEDEN 24 &#8211; 30: Recitals und Workshops: Liszt, Rautavaara, Schumann, Schubert<\/p>\n<p><strong>NOVEMBER 2014<\/strong><br \/>\nSWEDEN 3 &#8211; 5: Recitals: Grieg, Rautavaara, Schumann, Liszt<\/p>\n<p><strong>OCTOBER 2014<br \/>\n<\/strong> SWEDEN 1 &#8211; 3: Recitals: Grieg, Rautavaara, Schumann, Liszt<\/p>\n<p><strong>SEPTEMBER 2014<br \/>\n<\/strong> SWEDEN 29 &#8211; 30: Recitals: Grieg, Rautavaara, Schumann, Liszt<\/p>\n<p><strong>JULY 2014<br \/>\n<\/strong> SWEDEN 9 &#8211; 14: Recitals: Haydn, Schumann, Rautavaara, Beethoven<\/p>\n<p><strong>MAY 2014<br \/>\n<\/strong> GERMANY 2 &#8211; 3: CD recordings Neumarkt Reitstadl for Label \u201eambitus\u201c in coorporation with Bayrischer Rundfunk<br \/>\nJAPAN 10: KYOTO\/ Aoyama Music Memorial Hall \u201eBarocksaal\u201c: Recital : Haydn, Grieg, Debussy, Mussorgskij<br \/>\n11 &#8211; 13: Masterclass in Kyoto und Osaka<\/p>\n<p><strong>APRIL 2014<\/strong><br \/>\nIRLAND 20: Dublin Hugh Lane Gallery: Debussy, Mussorgskij<br \/>\nSWEDEN 23 &#8211; 28: Recitals: Haydn, Grieg, Debussy, Mussorgskij<\/p>\n<p><strong>MARCH 2014<br \/>\n<\/strong> SWEDEN 1 -3: Recitals: Debussy, Schubert 28.-31. Recitals: Haydn, Grieg, Debussy, Mussorgskij<\/p>\n<p><strong>FEBRUARY 2014<\/strong><br \/>\nGERMANY 3 &#8211; 6: Masterclass Villa Marteau\/Lichtenberg-Bayreuth<br \/>\nJAPAN 9 &#8211; 11: Masterclass Tokyo B\u00f6sendorfer Hall<\/p>\n<p><strong>DECEMBER 2012<\/strong><br \/>\nSWEDEN 4 &#8211; 9: Recital-Tour: Debussy, Mussorgskij<\/p>\n<p><strong>NOVEMBER 2012<\/strong><br \/>\nGERMANY 16: Salem\/Lehenhof: Recital Haydn, Debussy, Mussorgskij<\/p>\n<p><strong>OCTOBER 2012<\/strong><br \/>\nUSA 22 &#8211; 28: Rochester NY: Rochester Philharmonic, Conductur Matthias Bamert Debussy: Fantasy for Piano and Orchestra<br \/>\nROMANIA 17 &#8211; 19: Tirgu Mures: Philharmonic Tirgu Mures, Conductor Kaspar Zehnder Debussy: Fantasy for Piano and Orchestra<br \/>\nSWEDEN 1 &#8211; 4: Workshops and Recitals: Debussy, Mussorgskij<\/p>\n<p><strong>SEPTEMBER 2012<\/strong><br \/>\nSWEDEN 29 &#8211; 30: Recitals Debussy, Mussorgskij<br \/>\nGERMANY 11 &#8211; 15: Heilbronn: Orchesterakademie Heilbronn, Conductor Michael B\u00f6ttcher Beethoven Piano Concerto Nr. 1<br \/>\nAUSTRIA 6 &#8211; 9: Artistic Leader of Festival \u201cPro Cultura Lafnitz\u201d, Theme \u201cL\u2019Isle Joyeuse\u201d with Ensemble PhilKlang Vienna 9: Matinee: Otto Schenk reads poetry by Rilke, Stefan Arnold plays Haydn and Debussy<\/p>\n<p><strong>JULY 2012<\/strong><br \/>\nSWEDEN 4 &#8211; 9: Recital-Tour: Haydn, Debussy, Mussorgsky<\/p>\n<p><strong>APRIL 2012<\/strong><br \/>\nAUSTRIA 18: Vienna: Soundgarden-Festival: Poetry by Peter Turrini and Music with Stefan Arnold<br \/>\nSWEDEN 20 &#8211; 30: Recital-Tour with Debussy and Mussorgsky<\/p>\n<p><strong>MARCH 2012<\/strong><br \/>\nSWEDEN 1 &#8211; 5: Berglagens Chamber Orchestsra, Conductor Toomas Kapten: Beethoven Piano Concerto nr. 1<br \/>\nGERMANY 18: Suttgart: Stuttgart Philharmonic Orchestra, Conductur Radoslaw Szulc: Beethoven Piano Concerto nr. 1<\/p>\n<p><strong>FEBRUARY 2012<\/strong><br \/>\nGERMANY 2: Bayreuth: Master Class at Villa Marteau<br \/>\nSWEDEN 15 &#8211; 20: Recitals: Haydn, Piazzolla, Liszt, Mussorgskij<\/p>\n<p><strong>JANUARY 2012<\/strong><br \/>\nGERMANY 30 and 31: Bayreuth: Masterclass at Villa Marteau<\/p>\n<p><strong>DECEMBER 2011<\/strong><br \/>\nSWEDEN 3 &#8211; 5: Recital: \u201cIn Memoriam Hans Leygraf\u201d<\/p>\n<p><strong>NOVEMBER 2011<\/strong><br \/>\nSWEDEN 1 &#8211; 3: Recital-Tour: \u201cIn Memoriam Hans Leygraf\u201d 8. Broadcast \u00d61 19:30 p.m. \u201cAus dem Konzertsaal\u201d: Duo Recital Linz from 10-25-2011 with Alexander Janiczek and Stefan Arnold<\/p>\n<p><strong>OCTOBER 2011<\/strong><br \/>\nSWEDEN 1 &#8211; 10: Concert Tour \u201cIn Memoriam Hans Leygraf\u201d<br \/>\nAUSTRIA 23: Deutschlandsberg: Duo with Alexander Janiczek (Violin): Sch\u00f6nberg, Liszt, Schubert, Bartok, Debussy.<br \/>\n25: LINZ\/Brucknerhaus: Duo with Alexander Janiczek: as Oct. 23<\/p>\n<p><strong>SEPTEMBER 2011<\/strong><br \/>\nAUSTRIA 8 &#8211; 11: Artistic Director of Chamber Music Festival \u201ePro Cultura\u201c Lafnitz 10: Concert with Ensemble \u201cPhilKlang\u201d: Schubert<br \/>\n11: Matinee with Peter Simonischek: Word and music: \u201cMetamorphosen of Ovid\u201d with works by Schubert, Piazzolla, Liszt<br \/>\nSWEDEN and FINLAND 22 &#8211; 30: Concert Tour \u201cIn Memoriam Hans Leygraf\u201d: Haydn, Piazzolla, Liszt, Schubert.<\/p>\n<p><strong>JULY 2011<\/strong><br \/>\nSWEDEN 6 &#8211; 12: Poetry and Music: from: Peter Turrini \u201cIn the name of love\u201d Music: Liszt, Piazzolla, Schubert<\/p>\n<p><strong>MAY 2011<\/strong><br \/>\nIRELAND 22: DUBLIN: Hugh Lane Gallery: Liszt, Piazzolla, Schubert<br \/>\n23\/24: CORK: Music Institute: Recital and masterclass: Liszt, Piazzolla, Schubert<br \/>\nSWEDEN 26 &#8211; 28: Recital: Liszt, Piazzolla, Schubert<\/p>\n<p><strong>APRIL 2011<\/strong><br \/>\nNew Appearance CD Label ambitus nr 96 875 F.Schubert: Sonata G-Major op. 78 R.Schumann: Sinfonic Etudes op. 13<\/p>\n<p><strong>MARCH 2011<\/strong><br \/>\nROMANIA 3: ARAD: Philharmonic Orchestra Arad Brahms: Piano concerto nr. 1<br \/>\nSWEDEN 24: HELSINGBORG: Helsingborg Symphony Orchestra\/Conductor A. Manze: Brahms: Piano concerto nr. 1<br \/>\nAUSTRIA 28: LAFNITZ: Helsingborg Symphony Orchestra\/Conductor Andrew Manze: Brahms: Piano concerto nr. 1<br \/>\n29: WIEN\/Concert House: Helsingborg Symphony Orchestra\/A.Manze: Brahms: Piano concerto nr. 1<\/p>\n<p><strong>FEBRUARY 2011<\/strong><br \/>\nGERMANY 1 \u2013 3: Masterclass Villa Marteau\/Bayreuth<br \/>\nSWEDEN 10 &#8211; 21: Recitals: Schubert, Schumann, Piazzolla<\/p>\n<p><strong>JANUARY 2011<\/strong><br \/>\nGERMANY 1: Masterclass Villa Marteau\/Bayreuth<\/p>\n<p><strong>DECEMBER 2010<\/strong><br \/>\nROMANIA 3: CRAIOVA: Philharmonic Orchestra Craiova (Conductor Kaspar Zehnder) Brahms: Piano Concerto nr. 1<br \/>\n9: TIRGU MURES: Philharmonic Orchestra Tirgu Mures\/Conductor K. Zehnder: Brahms: Piano Concerto Nr. 1<\/p>\n<p><strong>OCTOBER 2010<\/strong><br \/>\nSWEDEN 9: BORL\u00c4NGE: Borl\u00e4nge Orkesterf\u00f6rening\/Conductor Christer Paulsson: Mozart: Piano Concerto nr. 27 K 595<br \/>\n27 &#8211; 31: Masterclass at Royal Academy Stockholm Recitals: Schubert, Schumann, Piazzolla<\/p>\n<p><strong>SEPTEMBER 2010<\/strong><br \/>\nSWEDEN 18 &#8211; 22: Recitals: Schubert, Davy, Schumann<br \/>\nIRELAND 25: TULLYNALLY CASTLE: Schubert, Davy, Schumann<\/p>\n<p><strong>AUGUST 2010<\/strong><br \/>\nCZECH REPUBLIC 14: BRNO: Philharmonic Orchestra Brno\/Conductor Kaspar Zehnder: Turina: Rhapsody for Piano and Stringorchestra Debussy: Fantasy for Piano and Orchestra<br \/>\nSWITZERLAND 19 &#8211; 20: MURTEN: Philharmonic Orchestra Brno\/Conductor Kaspar Zehnder Turina: Rhapsody for Piano and Stringorchestra Debussy: Fantasy for Piano and Orchestra<br \/>\nGERMANY 1 &#8211; 4: Masterclass at Villa Marteau\/near Bayreuth<br \/>\nSWEDEN 12 &#8211; 15: Orchestra Bergslagens Kammarsymfoniker: Brahms Piano Concerto Nr. 1<br \/>\n22 &#8211; 24: Recital und workshop: Schumann,Brahms<\/p>\n<p><strong>NOVEMBER 2009<\/strong><br \/>\nAUSTRIA 6: VIENNA Musikverein\/Gl\u00e4serner Saal: \u201cWord and Music\u201d: Peter Turrini, Lyric from \u201cIn the name of Love\u201d Stefan Arnold, piano: Debussy, Davy, Piazzolla<br \/>\nSWEDEN 26: STOCKHOLM \/ Royal Palace: Music and Lyric: Debussy, Davy, Piazzolla<\/p>\n<p><strong>OCTOBER 2009<\/strong><br \/>\nFINNLAND 17 &#8211; 19: Recital: Debussy, Davy, Piazzolla, Brahms<br \/>\nSWEDEN 20 &#8211; 25: Recitals with Lyric, workshops: Debussy, Davy, Piazzola, Brahms<br \/>\nAUSTRIA 29: GRAZ\/Mumuth: Duo recital with Alexander Janiczek, violin: Schubert, Debussy, Ysaye<\/p>\n<p><strong>SEPTEMBER 2009<\/strong><br \/>\nSWEDEN 12 &#8211; 20: Recitals and workshops: Schumann, Brahms<\/p>\n<p><strong>JULY 2009<\/strong><br \/>\nSWEDEN 1 &#8211; 6: Recitals: Beethoven, Piazzolla, Schumann<\/p>\n<p><strong>MARCH 2009<\/strong><br \/>\nSWEDEN 14 \u2013 22: Recitals: Beethoven, Piazzolla, Schumann<\/p>\n<p><strong>FEBRUARY 2009<\/strong><br \/>\nGERMANY 4 \u2013 7: Masterclass at Villa Marteau Bayreuth SWEDEN and FINNLAND 16 \u2013 22: Recitals Beethoven, Piazzolla, Schumann<\/p>\n<p><strong>DECEMBER 2008<\/strong><br \/>\nLUXEMBOURG 21: Duo with Alexander Janiczek (Violin): Schubert, Debussy, Ysaye<\/p>\n<p><strong>NOVEMBER 2008<\/strong><br \/>\nSWEDEN 21 &#8211; 28: Recitals: Beethoven, Piazzolla, Schumann<br \/>\nGERMANY 30: HANNOVER\/GIFHORN: Recital: Beethoven, Piazzolla, Schumann<\/p>\n<p><strong>OCTOBER 2008<\/strong><br \/>\nROMANIA 6 &#8211; 9: SIBIU: Philharmonic Orchestra Sibiu, conductor Kaspar Zehnder: Debussy Fantasy for piano and orchestra<br \/>\nAUSTRIA 16: SALZBURG\/Festspielhaus: Philharmonic Orchestra Stuttgart, conductor Gabriel Feltz: Debussy Fantasy for piano and orchestra<br \/>\nGERMANY 18: STUTTGART\/Liederhalle: Philharmonic Orchestra Stuttgart, conductor Gabriel Feltz: Debussy Fantasy for piano and orchestra<br \/>\nAUSTRIA 25. TELFS: Peter Turrini \u2013 Stefan Arnold: music and poetry<\/p>\n<p><strong>SEPTEMBER 2008<\/strong><br \/>\nSWEDEN 13 &#8211; 17: Recitals: Beethoven, Piazzolla, Brahms<br \/>\nIRELAND 26 &#8211; 28: TULLYNALLY: Recital: Beethoven, Piazzolla, Brahms<\/p>\n<p><strong>JULY 2008<\/strong><br \/>\nAUSTRIA 21 &#8211; 25: VIENNA: Masterclass Wiener Musikseminar<\/p>\n<p><strong>MAY 2008<\/strong><br \/>\nSWEDEN 1: Opening Concert Festival Musikdagar i Gryt\/Solbacka<br \/>\n9 &#8211; 15: Concert tour with Duo-partner Alexander Janiczek violin: Schubert, Debussy, Isaye<br \/>\nAUSTRIA 17: LIENZ: Duo<\/p>\n<p><strong>APRIL 2008<\/strong><br \/>\nSWEDEN 3: Stockholm: recital Beethoven, Davy, Schumann<\/p>\n<p><strong>MARCH 2008<\/strong><br \/>\nSWEDEN 25 &#8211; 31: Recital Tour: Beethoven, Piazzolla, Schumann<\/p>\n<p><strong>FEBRUARY 2008<\/strong><br \/>\nGERMANY 4 &#8211; 7: Masterclass at Villa Marteau in Bayreuth<br \/>\nSWEDEN 14 &#8211; 18: Recital Tour: Debussy, Beethoven, Davy, Schumann<\/p>\n<p><strong>NOVEMBER 2007<\/strong><br \/>\nSINGAPORE 13 &#8211; 20: Singapore: Singapore Symphony Orchestra, conductor Okko Kamu, Beethoven Piano Concerto nr. 1<\/p>\n<p><strong>OCTOBER 2007<\/strong><br \/>\nROMANIA 8 &#8211; 12: Arad: Philharmonic Orchestra Arad, conductor Dorin Frandes: Beethoven Piano Concerto nr. 1<br \/>\nSWEDEN 17 &#8211; 22: Stockholm and Norrbotten: Stockholm Sinfonietta, conductor Okko Kamu, Beethoven Piano Concerto nr. 1<\/p>\n<p><strong>SEPTEMBER 2007<\/strong><br \/>\nSWEDEN 10 &#8211; 20: Recital Tour: Ligeti, Debussy, Piazzolla, Schumann<br \/>\nGERMANY CD-Recordings with label Ambitus\/Bayer.Rundfunk in Neumarkt: Debussy<\/p>\n","protected":false},"excerpt":{"rendered":"<h1>Archive<\/h1>\n<p><a href=\"http:\/\/www.stefanarnold.com\/wp-content\/uploads\/2015\/08\/oldpiano450300.png\"><img loading=\"lazy\" decoding=\"async\" width=\"300\" height=\"200\" class=\"size-medium wp-image-137 alignright\" src=\"http:\/\/www.stefanarnold.com\/wp-content\/uploads\/2015\/08\/oldpiano450300-300x200.png\" alt=\"oldpian...\n<\/p srcset=\"http:\/\/www.stefanarnold.com\/wp-content\/uploads\/2015\/08\/oldpiano450300-300x200.png 300w, http:\/\/www.stefanarnold.com\/wp-content\/uploads\/2015\/08\/oldpiano450300.png 450w\" sizes=\"(max-width: 300px) 100vw, 300px\" \/>\n","protected":false},"author":1,"featured_media":0,"parent":0,"menu_order":0,"comment_status":"closed","ping_status":"closed","template":"","meta":{"footnotes":""},"_links":{"self":[{"href":"http:\/\/www.stefanarnold.com\/en_GB\/wp-json\/wp\/v2\/pages\/74"}],"collection":[{"href":"http:\/\/www.stefanarnold.com\/en_GB\/wp-json\/wp\/v2\/pages"}],"about":[{"href":"http:\/\/www.stefanarnold.com\/en_GB\/wp-json\/wp\/v2\/types\/page"}],"author":[{"embeddable":true,"href":"http:\/\/www.stefanarnold.com\/en_GB\/wp-json\/wp\/v2\/users\/1"}],"replies":[{"embeddable":true,"href":"http:\/\/www.stefanarnold.com\/en_GB\/wp-json\/wp\/v2\/comments?post=74"}],"version-history":[{"count":136,"href":"http:\/\/www.stefanarnold.com\/en_GB\/wp-json\/wp\/v2\/pages\/74\/revisions"}],"predecessor-version":[{"id":904,"href":"http:\/\/www.stefanarnold.com\/en_GB\/wp-json\/wp\/v2\/pages\/74\/revisions\/904"}],"wp:attachment":[{"href":"http:\/\/www.stefanarnold.com\/en_GB\/wp-json\/wp\/v2\/media?parent=74"}],"curies":[{"name":"wp","href":"https:\/\/api.w.org\/{rel}","templated":true}]}}